{"id":302,"date":"2019-01-17T23:05:56","date_gmt":"2019-01-17T22:05:56","guid":{"rendered":"http:\/\/bauelemente-schreiner.com\/hp\/?page_id=302"},"modified":"2025-10-14T16:03:55","modified_gmt":"2025-10-14T14:03:55","slug":"pflegehinweise","status":"publish","type":"page","link":"https:\/\/bauelemente-schreiner.com\/hp\/pflegehinweise\/","title":{"rendered":"Pflegehinweise"},"content":{"rendered":"\n<p>Nachfolgend finden Sie Pflege- und Wartungshinweise f\u00fcr Fenster und Rolll\u00e4den<\/p>\n\n\n\n<ul class=\"wp-block-list\">\n<li><a aria-label=\"Rolll\u00e4den Hinweise Allgemein (\u00f6ffnet in neuem Tab)\" href=\"http:\/\/bauelemente-schreiner.com\/wp-content\/uploads\/2019\/01\/Wartung-Pflege-Rollladen-1.pdf\" target=\"_blank\" rel=\"noreferrer noopener\">Rolll\u00e4den Hinweise Allgemein<\/a><\/li>\n\n\n\n<li><a aria-label=\"H\u00f6hbauer Fenster, T\u00fcren und Rolll\u00e4den (\u00f6ffnet in neuem Tab)\" href=\"http:\/\/bauelemente-schreiner.com\/wp-content\/uploads\/2019\/01\/H\u00d6HBAUER_Anleitung_-_Wartung_und_Bedienung_von_Fenster-T\u00fcren-Rollos.pdf\" target=\"_blank\" rel=\"noreferrer noopener\">H\u00f6hbauer Fenster, T\u00fcren und Rolll\u00e4den<\/a><\/li>\n\n\n\n<li><a aria-label=\"German Windwos Fenster (\u00f6ffnet in neuem Tab)\" href=\"http:\/\/bauelemente-schreiner.com\/wp-content\/uploads\/2019\/01\/GW_Pflegehinweis.pdf\" target=\"_blank\" rel=\"noreferrer noopener\">German Windwos Fenster<\/a><\/li>\n\n\n\n<li><a href=\"https:\/\/www.typo3.woundwo.com\/services\/pflege-wartung\" target=\"_blank\" rel=\"noreferrer noopener\">WO&amp;WO Sonnenschutz<\/a><\/li>\n<\/ul>\n\n\n\n<p><\/p>\n","protected":false},"excerpt":{"rendered":"<p>Nachfolgend <a class=\"more-link\" href=\"https:\/\/bauelemente-schreiner.com\/hp\/pflegehinweise\/\"><\/a><\/p>\n","protected":false},"author":1,"featured_media":0,"parent":0,"menu_order":0,"comment_status":"closed","ping_status":"closed","template":"","meta":{"footnotes":""},"class_list":["post-302","page","type-page","status-publish","hentry"],"_links":{"self":[{"href":"https:\/\/bauelemente-schreiner.com\/hp\/wp-json\/wp\/v2\/pages\/302","targetHints":{"allow":["GET"]}}],"collection":[{"href":"https:\/\/bauelemente-schreiner.com\/hp\/wp-json\/wp\/v2\/pages"}],"about":[{"href":"https:\/\/bauelemente-schreiner.com\/hp\/wp-json\/wp\/v2\/types\/page"}],"author":[{"embeddable":true,"href":"https:\/\/bauelemente-schreiner.com\/hp\/wp-json\/wp\/v2\/users\/1"}],"replies":[{"embeddable":true,"href":"https:\/\/bauelemente-schreiner.com\/hp\/wp-json\/wp\/v2\/comments?post=302"}],"version-history":[{"count":7,"href":"https:\/\/bauelemente-schreiner.com\/hp\/wp-json\/wp\/v2\/pages\/302\/revisions"}],"predecessor-version":[{"id":560,"href":"https:\/\/bauelemente-schreiner.com\/hp\/wp-json\/wp\/v2\/pages\/302\/revisions\/560"}],"wp:attachment":[{"href":"https:\/\/bauelemente-schreiner.com\/hp\/wp-json\/wp\/v2\/media?parent=302"}],"curies":[{"name":"wp","href":"https:\/\/api.w.org\/{rel}","templated":true}]}}