{"id":206,"date":"2016-04-07T12:03:19","date_gmt":"2016-04-07T10:03:19","guid":{"rendered":"http:\/\/bauelemente-schreiner.com\/hp\/?page_id=206"},"modified":"2025-10-14T17:51:23","modified_gmt":"2025-10-14T15:51:23","slug":"ueberscicht-rollladen","status":"publish","type":"page","link":"https:\/\/bauelemente-schreiner.com\/hp\/sonnenschutz\/ueberscicht-rollladen\/","title":{"rendered":"\u00dcbersicht Rollladen"},"content":{"rendered":"\n<table id=\"tablepress-6\" class=\"tablepress tablepress-id-6\">\n<tbody>\n<tr class=\"row-1\">\n\t<td class=\"column-1\"><a href=\"http:\/\/bauelemente-schreiner.com\/hp\/sonnenschutz\/ueberscicht-rollladen\/rollladen\/\">Rollladen<\/a><\/td><td class=\"column-2\"><a href=\"http:\/\/bauelemente-schreiner.com\/hp\/sonnenschutz\/ueberscicht-rollladen\/wohnraumlueftung-airpur-modul\/\">Wohnrauml\u00fcftung im Rollladen<\/a><\/td>\n<\/tr>\n<tr class=\"row-2\">\n\t<td class=\"column-1\"><a href=\"http:\/\/bauelemente-schreiner.com\/hp\/sonnenschutz\/ueberscicht-rollladen\/rollladen\/\" rel=\"attachment wp-att-202\"><img loading=\"lazy\" decoding=\"async\" src=\"http:\/\/bauelemente-schreiner.com\/wp-content\/uploads\/2016\/04\/csm_RollaTherm_6de80e498b-145x150.jpg\" alt=\"csm_RollaTherm_6de80e498b\" width=\"145\" height=\"150\" class=\"aligncenter size-thumbnail wp-image-202\" \/><\/a><\/td><td class=\"column-2\"><a href=\"http:\/\/bauelemente-schreiner.com\/hp\/sonnenschutz\/ueberscicht-rollladen\/wohnraumlueftung-airpur-modul\/\" rel=\"attachment wp-att-201\"><img loading=\"lazy\" decoding=\"async\" src=\"http:\/\/bauelemente-schreiner.com\/wp-content\/uploads\/2016\/04\/csm_Air_Pur_600x400px_72dpi_dfb33931c4-150x150.jpg\" alt=\"csm_Air_Pur_600x400px_72dpi_dfb33931c4\" width=\"150\" height=\"150\" class=\"aligncenter size-thumbnail wp-image-201\" \/><\/a><\/td>\n<\/tr>\n<tr class=\"row-3\">\n\t<td class=\"column-1\"><a href=\"https:\/\/www.becker-antriebe.com\/produkte\/rolllaeden-automatisieren.html\" rel=\"noopener\" target=\"_blank\">Vollautomatisierte Rolll\u00e4den<\/a><\/td><td class=\"column-2\"><a href=\"http:\/\/bauelemente-schreiner.com\/hp\/sonnenschutz\/ueberscicht-rollladen\/smarte-rolladenantriebe-von-beker-mit-boxctrl\/\">Smarte Rolladenantriebe von Beker mit BoxCTRL<\/a><\/td>\n<\/tr>\n<tr class=\"row-4\">\n\t<td class=\"column-1\"><img loading=\"lazy\" decoding=\"async\" src=\"http:\/\/bauelemente-schreiner.com\/wp-content\/uploads\/2016\/04\/B-Tronic_Produktsammlung-150x150.jpg\" alt=\"B-Tronic_Produktsammlung\" width=\"150\" height=\"150\" class=\"aligncenter size-thumbnail wp-image-204\" \/><\/td><td class=\"column-2\"><a href=\"http:\/\/bauelemente-schreiner.com\/hp\/sonnenschutz\/ueberscicht-rollladen\/smarte-rolladenantriebe-von-beker-mit-boxctrl\/\"><img loading=\"lazy\" decoding=\"async\" src=\"http:\/\/bauelemente-schreiner.com\/wp-content\/uploads\/2020\/12\/BECK_BoxCTRL_Antriebsset_web-300x212.png\" alt=\"\" width=\"300\" height=\"212\" class=\"aligncenter size-medium wp-image-435\" srcset=\"https:\/\/bauelemente-schreiner.com\/wp-content\/uploads\/2020\/12\/BECK_BoxCTRL_Antriebsset_web-300x212.png 300w, https:\/\/bauelemente-schreiner.com\/wp-content\/uploads\/2020\/12\/BECK_BoxCTRL_Antriebsset_web-1024x724.png 1024w, https:\/\/bauelemente-schreiner.com\/wp-content\/uploads\/2020\/12\/BECK_BoxCTRL_Antriebsset_web-768x543.png 768w, https:\/\/bauelemente-schreiner.com\/wp-content\/uploads\/2020\/12\/BECK_BoxCTRL_Antriebsset_web-1536x1086.png 1536w, https:\/\/bauelemente-schreiner.com\/wp-content\/uploads\/2020\/12\/BECK_BoxCTRL_Antriebsset_web-2048x1448.png 2048w\" sizes=\"auto, (max-width: 300px) 100vw, 300px\" \/><\/a><\/td>\n<\/tr>\n<\/tbody>\n<\/table>\n<!-- #tablepress-6 from cache -->\n<p style=\"text-align: center;\">Ob Vollintegrierte oder Vorbau-Rollladen, Neu- oder Altbau, mit integrierter L\u00fcftungsanlage oder vollautomatisierter Rollladen &#8211; Wir finden die beste L\u00f6sung f\u00fcr Sie!<\/p>\n\n\n<div class=\"wp-block-columns is-layout-flex wp-container-core-columns-is-layout-9d6595d7 wp-block-columns-is-layout-flex\">\n<div class=\"wp-block-column is-layout-flow wp-block-column-is-layout-flow\"><\/div>\n\n\n\n<div class=\"wp-block-column is-layout-flow wp-block-column-is-layout-flow\"><\/div>\n\n\n\n<div class=\"wp-block-column is-layout-flow wp-block-column-is-layout-flow\"><\/div>\n<\/div>\n\n\n\n<div class=\"wp-block-columns is-layout-flex wp-container-core-columns-is-layout-9d6595d7 wp-block-columns-is-layout-flex\">\n<div class=\"wp-block-column is-layout-flow wp-block-column-is-layout-flow\">\n<h2 class=\"wp-block-heading\">Raffstore<\/h2>\n\n\n\n<p><\/p>\n<\/div>\n\n\n\n<div class=\"wp-block-column is-layout-flow wp-block-column-is-layout-flow\">\n<h2 class=\"wp-block-heading\">Rolladen<\/h2>\n\n\n\n<p><\/p>\n<\/div>\n\n\n\n<div class=\"wp-block-column is-layout-flow wp-block-column-is-layout-flow\">\n<h2 class=\"wp-block-heading\">Zip<\/h2>\n<\/div>\n\n\n\n<div class=\"wp-block-column is-layout-flow wp-block-column-is-layout-flow\"><\/div>\n<\/div>\n","protected":false},"excerpt":{"rendered":"<p>Ob <a class=\"more-link\" href=\"https:\/\/bauelemente-schreiner.com\/hp\/sonnenschutz\/ueberscicht-rollladen\/\"><\/a><\/p>\n","protected":false},"author":1,"featured_media":0,"parent":149,"menu_order":0,"comment_status":"closed","ping_status":"closed","template":"","meta":{"footnotes":""},"class_list":["post-206","page","type-page","status-publish","hentry"],"_links":{"self":[{"href":"https:\/\/bauelemente-schreiner.com\/hp\/wp-json\/wp\/v2\/pages\/206","targetHints":{"allow":["GET"]}}],"collection":[{"href":"https:\/\/bauelemente-schreiner.com\/hp\/wp-json\/wp\/v2\/pages"}],"about":[{"href":"https:\/\/bauelemente-schreiner.com\/hp\/wp-json\/wp\/v2\/types\/page"}],"author":[{"embeddable":true,"href":"https:\/\/bauelemente-schreiner.com\/hp\/wp-json\/wp\/v2\/users\/1"}],"replies":[{"embeddable":true,"href":"https:\/\/bauelemente-schreiner.com\/hp\/wp-json\/wp\/v2\/comments?post=206"}],"version-history":[{"count":6,"href":"https:\/\/bauelemente-schreiner.com\/hp\/wp-json\/wp\/v2\/pages\/206\/revisions"}],"predecessor-version":[{"id":564,"href":"https:\/\/bauelemente-schreiner.com\/hp\/wp-json\/wp\/v2\/pages\/206\/revisions\/564"}],"up":[{"embeddable":true,"href":"https:\/\/bauelemente-schreiner.com\/hp\/wp-json\/wp\/v2\/pages\/149"}],"wp:attachment":[{"href":"https:\/\/bauelemente-schreiner.com\/hp\/wp-json\/wp\/v2\/media?parent=206"}],"curies":[{"name":"wp","href":"https:\/\/api.w.org\/{rel}","templated":true}]}}