{"id":18,"date":"2016-03-01T22:30:38","date_gmt":"2016-03-01T21:30:38","guid":{"rendered":"http:\/\/bauelemente-schreiner.com\/hp\/?page_id=18"},"modified":"2016-04-07T12:47:11","modified_gmt":"2016-04-07T10:47:11","slug":"rollladen","status":"publish","type":"page","link":"https:\/\/bauelemente-schreiner.com\/hp\/sonnenschutz\/ueberscicht-rollladen\/rollladen\/","title":{"rendered":"Rollladen"},"content":{"rendered":"<p>&nbsp;<\/p>\n<div id=\"c1093\" class=\"csc-default\">\n<div class=\"csc-header csc-header-n1\">\n<h1 class=\"csc-firstHeader\" style=\"text-align: center;\"><\/h1>\n<h2 style=\"text-align: center;\">Entdecken Sie unsere vielseitigen und flexiblen L\u00f6sungen.<\/h2>\n<\/div>\n<\/div>\n<div id=\"c1099\" class=\"csc-default\">\n<div class=\"csc-textpic-text\">\n<p class=\"bodytext\" style=\"text-align: center;\">\n<table id=\"tablepress-3\" class=\"tablepress tablepress-id-3\">\n<tbody>\n<tr class=\"row-1\">\n\t<td class=\"column-1\">F\u00fcr ein stets angenehmes Ambiente in Ihrem Zuhause sind Beschattungsm\u00f6glichkeiten unerl\u00e4sslich. Mit Markisen, Rolll\u00e4den, Raffstores oder Textilscreens l\u00e4sst sich W\u00e4rme und st\u00f6render Lichteinfall aussperren. Auch der Schutz vor unerw\u00fcnschten Blicken oder die optische Gestaltung Ihrer Fassade sind Argumente f\u00fcr eine Beschattungsanlage. Welche L\u00f6sung ist f\u00fcr Ihr Zuhause die Beste? Dazu beraten wir Sie gerne bei uns im Haus oder direkt vor Ort. Vorab bekommen Sie hier schon einen kleinen Einblick.<\/td>\n<\/tr>\n<\/tbody>\n<\/table>\n<!-- #tablepress-3 from cache --><\/p>\n<\/div>\n<p class=\"bodytext\" style=\"text-align: center;\"><img loading=\"lazy\" decoding=\"async\" class=\"size-full wp-image-105 aligncenter\" src=\"http:\/\/bauelemente-schreiner.com\/hp\/wp-content\/uploads\/2016\/03\/logo_98x115.png\" alt=\"logo_98x115\" width=\"98\" height=\"115\" \/><\/p>\n<div class=\"csc-header csc-header-n3\">\n<h1 style=\"text-align: center;\">RollaTherm<\/h1>\n<\/div>\n<div class=\"csc-textpic csc-textpic-center csc-textpic-below\">\n<div class=\"csc-textpic-text\">\n<p class=\"bodytext\" style=\"text-align: center;\">Das raumseitig geschlossene Rolladensystem.<\/p>\n<\/div>\n<\/div>\n<\/div>\n<p><img loading=\"lazy\" decoding=\"async\" class=\"size-medium wp-image-103 aligncenter\" src=\"http:\/\/bauelemente-schreiner.com\/hp\/wp-content\/uploads\/2016\/03\/RollaTherm_600x400px_72dpi_Zeipert_Weiden_Wunder_01-300x200.jpg\" alt=\"RollaTherm_600x400px_72dpi_Zeipert_Weiden_Wunder_01\" width=\"300\" height=\"200\" srcset=\"https:\/\/bauelemente-schreiner.com\/wp-content\/uploads\/2016\/03\/RollaTherm_600x400px_72dpi_Zeipert_Weiden_Wunder_01-300x200.jpg 300w, https:\/\/bauelemente-schreiner.com\/wp-content\/uploads\/2016\/03\/RollaTherm_600x400px_72dpi_Zeipert_Weiden_Wunder_01.jpg 600w\" sizes=\"auto, (max-width: 300px) 100vw, 300px\" \/><\/p>\n<h1 style=\"text-align: center;\">Vorsatz-\/Aufsatzrollos<\/h1>\n<p style=\"text-align: center;\">Innovativer Rundum-Schutz.<\/p>\n<p style=\"text-align: center;\"><img loading=\"lazy\" decoding=\"async\" class=\"size-medium wp-image-104 aligncenter\" src=\"http:\/\/bauelemente-schreiner.com\/hp\/wp-content\/uploads\/2016\/03\/Vorsatzrollo_600x400px_72dpi-300x200.jpg\" alt=\"Vorsatzrollo_600x400px_72dpi\" width=\"300\" height=\"200\" srcset=\"https:\/\/bauelemente-schreiner.com\/wp-content\/uploads\/2016\/03\/Vorsatzrollo_600x400px_72dpi-300x200.jpg 300w, https:\/\/bauelemente-schreiner.com\/wp-content\/uploads\/2016\/03\/Vorsatzrollo_600x400px_72dpi.jpg 600w\" sizes=\"auto, (max-width: 300px) 100vw, 300px\" \/><\/p>\n<p>&nbsp;<\/p>\n<h1 style=\"text-align: center;\">Raffstores<\/h1>\n<p style=\"text-align: center;\">Individuell steuerbar &#8211; vielseitig einsetzbar.<\/p>\n<p style=\"text-align: center;\"><img loading=\"lazy\" decoding=\"async\" class=\"size-medium wp-image-102 aligncenter\" src=\"http:\/\/bauelemente-schreiner.com\/hp\/wp-content\/uploads\/2016\/03\/Raffstore_600x400px_72dpi-300x200.jpg\" alt=\"Raffstore_600x400px_72dpi\" width=\"300\" height=\"200\" srcset=\"https:\/\/bauelemente-schreiner.com\/wp-content\/uploads\/2016\/03\/Raffstore_600x400px_72dpi-300x200.jpg 300w, https:\/\/bauelemente-schreiner.com\/wp-content\/uploads\/2016\/03\/Raffstore_600x400px_72dpi.jpg 600w\" sizes=\"auto, (max-width: 300px) 100vw, 300px\" \/><\/p>\n<p>&nbsp;<\/p>\n<p>&nbsp;<\/p>\n<p>&nbsp;<\/p>\n<p>&nbsp;<\/p>\n","protected":false},"excerpt":{"rendered":"<p>&nbsp; <a class=\"more-link\" href=\"https:\/\/bauelemente-schreiner.com\/hp\/sonnenschutz\/ueberscicht-rollladen\/rollladen\/\"><\/a><\/p>\n","protected":false},"author":1,"featured_media":66,"parent":206,"menu_order":0,"comment_status":"closed","ping_status":"closed","template":"","meta":{"footnotes":""},"class_list":["post-18","page","type-page","status-publish","has-post-thumbnail","hentry"],"_links":{"self":[{"href":"https:\/\/bauelemente-schreiner.com\/hp\/wp-json\/wp\/v2\/pages\/18","targetHints":{"allow":["GET"]}}],"collection":[{"href":"https:\/\/bauelemente-schreiner.com\/hp\/wp-json\/wp\/v2\/pages"}],"about":[{"href":"https:\/\/bauelemente-schreiner.com\/hp\/wp-json\/wp\/v2\/types\/page"}],"author":[{"embeddable":true,"href":"https:\/\/bauelemente-schreiner.com\/hp\/wp-json\/wp\/v2\/users\/1"}],"replies":[{"embeddable":true,"href":"https:\/\/bauelemente-schreiner.com\/hp\/wp-json\/wp\/v2\/comments?post=18"}],"version-history":[{"count":5,"href":"https:\/\/bauelemente-schreiner.com\/hp\/wp-json\/wp\/v2\/pages\/18\/revisions"}],"predecessor-version":[{"id":177,"href":"https:\/\/bauelemente-schreiner.com\/hp\/wp-json\/wp\/v2\/pages\/18\/revisions\/177"}],"up":[{"embeddable":true,"href":"https:\/\/bauelemente-schreiner.com\/hp\/wp-json\/wp\/v2\/pages\/206"}],"wp:featuredmedia":[{"embeddable":true,"href":"https:\/\/bauelemente-schreiner.com\/hp\/wp-json\/wp\/v2\/media\/66"}],"wp:attachment":[{"href":"https:\/\/bauelemente-schreiner.com\/hp\/wp-json\/wp\/v2\/media?parent=18"}],"curies":[{"name":"wp","href":"https:\/\/api.w.org\/{rel}","templated":true}]}}