{"id":16,"date":"2016-03-01T22:31:57","date_gmt":"2016-03-01T21:31:57","guid":{"rendered":"http:\/\/bauelemente-schreiner.com\/hp\/?page_id=16"},"modified":"2025-10-14T18:27:40","modified_gmt":"2025-10-14T16:27:40","slug":"haustueren","status":"publish","type":"page","link":"https:\/\/bauelemente-schreiner.com\/hp\/haustueren\/","title":{"rendered":"T\u00fcren"},"content":{"rendered":"\n<p>Ein Wohnambiente zum Wohlf\u00fchlen ist heute wichtiger denn je &#8211; wir legen einen immer gr\u00f6\u00dferen Wert auf ein gem\u00fctliches und geschmackvolles Interieur! Innent\u00fcren sowie Wohnungseingangst\u00fcren haben da eine besonders gro\u00dfe Bedeutung: Sie er\u00f6ffnen uns unsere ganz pers\u00f6nlichen R\u00e4ume! Optisch sowie funktional m\u00fcssen sie deshalb rundum \u00fcberzeugen. T\u00fcr-Oberfl\u00e4chen, die dem Stil Ihrer Einrichtung schmeicheln, Zargen, die die T\u00fcr harmonisch umrahmen und Zubeh\u00f6r wie Schl\u00f6sser oder Dr\u00fccker, die eine einwandfreie Funktion gew\u00e4hrleisten, sind unverzichtbar. <\/p>\n\n\n\n<div class=\"wp-block-media-text alignwide has-media-on-the-right\"><div class=\"wp-block-media-text__content\">\n<p style=\"font-size:18px\"><a href=\"http:\/\/bauelemente-schreiner.com\/hp\/haustueren\/haustueren-2\/\">Haus- und Nebeneingangst\u00fcren<\/a><\/p>\n<\/div><figure class=\"wp-block-media-text__media\"><img loading=\"lazy\" decoding=\"async\" width=\"360\" height=\"211\" src=\"http:\/\/bauelemente-schreiner.com\/wp-content\/uploads\/2016\/03\/haustuer.jpg\" alt=\"\" class=\"wp-image-110 size-full\" srcset=\"https:\/\/bauelemente-schreiner.com\/wp-content\/uploads\/2016\/03\/haustuer.jpg 360w, https:\/\/bauelemente-schreiner.com\/wp-content\/uploads\/2016\/03\/haustuer-300x176.jpg 300w\" sizes=\"auto, (max-width: 360px) 100vw, 360px\" \/><\/figure><\/div>\n\n\n\n<div class=\"wp-block-media-text alignwide has-media-on-the-right\"><div class=\"wp-block-media-text__content\">\n<p style=\"font-size:18px\"><a rel=\"noreferrer noopener\" aria-label=\"Kronold Innent\u00fcren (\u00f6ffnet in neuem Tab)\" href=\"https:\/\/konold.com\/epaper\/tueren-vielfalt\/konold_Tueren_Vielfalt.html\" target=\"_blank\">Konold Innent\u00fcren<\/a><\/p>\n<\/div><figure class=\"wp-block-media-text__media\"><img loading=\"lazy\" decoding=\"async\" width=\"932\" height=\"180\" src=\"http:\/\/bauelemente-schreiner.com\/wp-content\/uploads\/2019\/03\/107_Kategorieteaser_932x180_Marke_Konold.png\" alt=\"\" class=\"wp-image-345 size-full\" srcset=\"https:\/\/bauelemente-schreiner.com\/wp-content\/uploads\/2019\/03\/107_Kategorieteaser_932x180_Marke_Konold.png 932w, https:\/\/bauelemente-schreiner.com\/wp-content\/uploads\/2019\/03\/107_Kategorieteaser_932x180_Marke_Konold-300x58.png 300w, https:\/\/bauelemente-schreiner.com\/wp-content\/uploads\/2019\/03\/107_Kategorieteaser_932x180_Marke_Konold-768x148.png 768w\" sizes=\"auto, (max-width: 932px) 100vw, 932px\" \/><\/figure><\/div>\n\n\n\n<div class=\"wp-block-media-text alignwide has-media-on-the-right\"><div class=\"wp-block-media-text__content\">\n<p style=\"font-size:18px\"><a href=\"https:\/\/oxomi.com\/p\/2025099\/search?oxDeeplink=eyJ1bml2ZXJzYWxTZWFyY2h8MiI6eyJ2aWV3IjoiZmlsdGVyZWQiLCJmaWx0ZXJzIjp7ImJyYW5kIjpbIk9RMFRUTlBUSktDR0pSMk1VNVA4M0NUU0dLIl19LCJxdWVyeSI6IiIsImhpZGRlbkZpbHRlcnMiOnt9fX0%3D\" target=\"_blank\" rel=\"noreferrer noopener\">Jeld Wen Zimmert\u00fcren<\/a><\/p>\n<\/div><figure class=\"wp-block-media-text__media\"><img loading=\"lazy\" decoding=\"async\" width=\"518\" height=\"97\" src=\"http:\/\/bauelemente-schreiner.com\/wp-content\/uploads\/2019\/03\/jeld-wen.png\" alt=\"\" class=\"wp-image-358 size-full\" srcset=\"https:\/\/bauelemente-schreiner.com\/wp-content\/uploads\/2019\/03\/jeld-wen.png 518w, https:\/\/bauelemente-schreiner.com\/wp-content\/uploads\/2019\/03\/jeld-wen-300x56.png 300w\" sizes=\"auto, (max-width: 518px) 100vw, 518px\" \/><\/figure><\/div>\n\n\n\n<p><\/p>\n","protected":false},"excerpt":{"rendered":"<p>Ein <a class=\"more-link\" href=\"https:\/\/bauelemente-schreiner.com\/hp\/haustueren\/\"><\/a><\/p>\n","protected":false},"author":1,"featured_media":65,"parent":0,"menu_order":0,"comment_status":"closed","ping_status":"closed","template":"","meta":{"footnotes":""},"class_list":["post-16","page","type-page","status-publish","has-post-thumbnail","hentry"],"_links":{"self":[{"href":"https:\/\/bauelemente-schreiner.com\/hp\/wp-json\/wp\/v2\/pages\/16","targetHints":{"allow":["GET"]}}],"collection":[{"href":"https:\/\/bauelemente-schreiner.com\/hp\/wp-json\/wp\/v2\/pages"}],"about":[{"href":"https:\/\/bauelemente-schreiner.com\/hp\/wp-json\/wp\/v2\/types\/page"}],"author":[{"embeddable":true,"href":"https:\/\/bauelemente-schreiner.com\/hp\/wp-json\/wp\/v2\/users\/1"}],"replies":[{"embeddable":true,"href":"https:\/\/bauelemente-schreiner.com\/hp\/wp-json\/wp\/v2\/comments?post=16"}],"version-history":[{"count":10,"href":"https:\/\/bauelemente-schreiner.com\/hp\/wp-json\/wp\/v2\/pages\/16\/revisions"}],"predecessor-version":[{"id":566,"href":"https:\/\/bauelemente-schreiner.com\/hp\/wp-json\/wp\/v2\/pages\/16\/revisions\/566"}],"wp:featuredmedia":[{"embeddable":true,"href":"https:\/\/bauelemente-schreiner.com\/hp\/wp-json\/wp\/v2\/media\/65"}],"wp:attachment":[{"href":"https:\/\/bauelemente-schreiner.com\/hp\/wp-json\/wp\/v2\/media?parent=16"}],"curies":[{"name":"wp","href":"https:\/\/api.w.org\/{rel}","templated":true}]}}