{"id":152,"date":"2016-03-25T14:22:52","date_gmt":"2016-03-25T13:22:52","guid":{"rendered":"http:\/\/bauelemente-schreiner.com\/hp\/?page_id=152"},"modified":"2016-03-26T20:49:09","modified_gmt":"2016-03-26T19:49:09","slug":"markisen","status":"publish","type":"page","link":"https:\/\/bauelemente-schreiner.com\/hp\/sonnenschutz\/markisen\/","title":{"rendered":"Markisen"},"content":{"rendered":"<p>Egal ob Sie einen Sonnenschutz f\u00fcr Ihre Terrasse, Balkon, Wintergarten oder Pergola ben\u00f6tigen, wir haben immer die passende L\u00f6sung.<img loading=\"lazy\" decoding=\"async\" class=\"alignright wp-image-163 size-medium\" src=\"http:\/\/bauelemente-schreiner.com\/wp-content\/uploads\/2016\/03\/LOGO_WOundWO-300x97.png\" alt=\"LOGO_WOundWO\" width=\"300\" height=\"97\" srcset=\"https:\/\/bauelemente-schreiner.com\/wp-content\/uploads\/2016\/03\/LOGO_WOundWO-300x97.png 300w, https:\/\/bauelemente-schreiner.com\/wp-content\/uploads\/2016\/03\/LOGO_WOundWO.png 470w\" sizes=\"auto, (max-width: 300px) 100vw, 300px\" \/><\/p>\n<p><a href=\"http:\/\/bauelemente-schreiner.com\/wp-content\/uploads\/2016\/03\/Swingline_2.jpg\" target=\"_blank\" rel=\"attachment wp-att-157\"><img loading=\"lazy\" decoding=\"async\" class=\"aligncenter wp-image-157 size-large\" src=\"http:\/\/bauelemente-schreiner.com\/wp-content\/uploads\/2016\/03\/Swingline_2-1024x1024.jpg\" alt=\"Swingline_2\" width=\"540\" height=\"540\" srcset=\"https:\/\/bauelemente-schreiner.com\/wp-content\/uploads\/2016\/03\/Swingline_2-1024x1024.jpg 1024w, https:\/\/bauelemente-schreiner.com\/wp-content\/uploads\/2016\/03\/Swingline_2-150x150.jpg 150w, https:\/\/bauelemente-schreiner.com\/wp-content\/uploads\/2016\/03\/Swingline_2-300x300.jpg 300w, https:\/\/bauelemente-schreiner.com\/wp-content\/uploads\/2016\/03\/Swingline_2-768x768.jpg 768w\" sizes=\"auto, (max-width: 540px) 100vw, 540px\" \/><\/a><a href=\"http:\/\/bauelemente-schreiner.com\/wp-content\/uploads\/2016\/03\/Smartbox.jpg\" target=\"_blank\" rel=\"attachment wp-att-156\"><img loading=\"lazy\" decoding=\"async\" class=\"aligncenter wp-image-156 size-large\" src=\"http:\/\/bauelemente-schreiner.com\/wp-content\/uploads\/2016\/03\/Smartbox-1024x1024.jpg\" alt=\"Smartbox\" width=\"540\" height=\"540\" srcset=\"https:\/\/bauelemente-schreiner.com\/wp-content\/uploads\/2016\/03\/Smartbox-1024x1024.jpg 1024w, https:\/\/bauelemente-schreiner.com\/wp-content\/uploads\/2016\/03\/Smartbox-150x150.jpg 150w, https:\/\/bauelemente-schreiner.com\/wp-content\/uploads\/2016\/03\/Smartbox-300x300.jpg 300w, https:\/\/bauelemente-schreiner.com\/wp-content\/uploads\/2016\/03\/Smartbox-768x768.jpg 768w\" sizes=\"auto, (max-width: 540px) 100vw, 540px\" \/><\/a><a href=\"http:\/\/bauelemente-schreiner.com\/wp-content\/uploads\/2016\/03\/MK_XLINE_02.jpg\" target=\"_blank\" rel=\"attachment wp-att-155\"><img loading=\"lazy\" decoding=\"async\" class=\"aligncenter wp-image-155 size-large\" src=\"http:\/\/bauelemente-schreiner.com\/wp-content\/uploads\/2016\/03\/MK_XLINE_02-674x1024.jpg\" alt=\"MK_XLINE_02\" width=\"540\" height=\"820\" srcset=\"https:\/\/bauelemente-schreiner.com\/wp-content\/uploads\/2016\/03\/MK_XLINE_02-674x1024.jpg 674w, https:\/\/bauelemente-schreiner.com\/wp-content\/uploads\/2016\/03\/MK_XLINE_02-197x300.jpg 197w, https:\/\/bauelemente-schreiner.com\/wp-content\/uploads\/2016\/03\/MK_XLINE_02-768x1167.jpg 768w\" sizes=\"auto, (max-width: 540px) 100vw, 540px\" \/><\/a><\/p>\n","protected":false},"excerpt":{"rendered":"<p>Egal <a class=\"more-link\" href=\"https:\/\/bauelemente-schreiner.com\/hp\/sonnenschutz\/markisen\/\"><\/a><\/p>\n","protected":false},"author":1,"featured_media":0,"parent":149,"menu_order":0,"comment_status":"closed","ping_status":"closed","template":"","meta":{"footnotes":""},"class_list":["post-152","page","type-page","status-publish","hentry"],"_links":{"self":[{"href":"https:\/\/bauelemente-schreiner.com\/hp\/wp-json\/wp\/v2\/pages\/152","targetHints":{"allow":["GET"]}}],"collection":[{"href":"https:\/\/bauelemente-schreiner.com\/hp\/wp-json\/wp\/v2\/pages"}],"about":[{"href":"https:\/\/bauelemente-schreiner.com\/hp\/wp-json\/wp\/v2\/types\/page"}],"author":[{"embeddable":true,"href":"https:\/\/bauelemente-schreiner.com\/hp\/wp-json\/wp\/v2\/users\/1"}],"replies":[{"embeddable":true,"href":"https:\/\/bauelemente-schreiner.com\/hp\/wp-json\/wp\/v2\/comments?post=152"}],"version-history":[{"count":3,"href":"https:\/\/bauelemente-schreiner.com\/hp\/wp-json\/wp\/v2\/pages\/152\/revisions"}],"predecessor-version":[{"id":172,"href":"https:\/\/bauelemente-schreiner.com\/hp\/wp-json\/wp\/v2\/pages\/152\/revisions\/172"}],"up":[{"embeddable":true,"href":"https:\/\/bauelemente-schreiner.com\/hp\/wp-json\/wp\/v2\/pages\/149"}],"wp:attachment":[{"href":"https:\/\/bauelemente-schreiner.com\/hp\/wp-json\/wp\/v2\/media?parent=152"}],"curies":[{"name":"wp","href":"https:\/\/api.w.org\/{rel}","templated":true}]}}