{"id":135,"date":"2016-03-20T12:17:20","date_gmt":"2016-03-20T11:17:20","guid":{"rendered":"http:\/\/bauelemente-schreiner.com\/hp\/?page_id=135"},"modified":"2025-01-20T12:23:16","modified_gmt":"2025-01-20T11:23:16","slug":"haustueren-2","status":"publish","type":"page","link":"https:\/\/bauelemente-schreiner.com\/hp\/haustueren\/haustueren-2\/","title":{"rendered":"Haust\u00fcren"},"content":{"rendered":"\n<p>\nEine Haust\u00fcr ist mehr als nur der Eingang zu Ihrem Heim. Sie ist f\u00fcr den ersten Eindruck verantwortlich, den G\u00e4ste von Ihrem Zuhause haben. Sie sch\u00fctzt Sie vor K\u00e4lte im Winter, vor Hitze im Sommer und auch vor ungebetenen G\u00e4sten.\n\n<\/p>\n\n\n\n<ul class=\"wp-block-list\">\n<li><a href=\"http:\/\/bauelemente-schreiner.com\/wp-content\/uploads\/2022\/04\/Metaku-Topseller-2022_print.pdf\" data-type=\"URL\" target=\"_blank\" rel=\"noreferrer noopener\">Metaku Topseller Haust\u00fcren<\/a><\/li>\n\n\n\n<li><a href=\"http:\/\/bauelemente-schreiner.com\/wp-content\/uploads\/2022\/04\/Metaku-Collection-2022.pdf\" target=\"_blank\" rel=\"noreferrer noopener\">Metaku Haust\u00fcren Classic Modell\u00fcbersicht<\/a><\/li>\n<\/ul>\n\n\n\n<p><\/p>\n\n\n\n<p>Mit den Metaku-T\u00fcrkonfigurator, k\u00f6nnen Sie sich nach Ihren w\u00fcnschen eine Haust\u00fcr konfigurieren. Im Anschluss haben Sie die M\u00f6glichkeit, ihre Konfiguration als PDF-Datei zu Speichern. Teilen Sie uns einfach die Referenznummer mit oder senden uns eine Email mit der PDF-Datei und Sie erhalten ein unverbindliches Angebot von uns<\/p>\n\n\n\n<p class=\"has-text-color has-link-color wp-elements-4fe621106b6036e32107ae036b2165bd\" style=\"color:#fd0000\"><strong><a href=\"https:\/\/metaku.kreadoor.de\" data-type=\"link\" data-id=\"https:\/\/metaku.kreadoor.de\" target=\"_blank\" rel=\"noreferrer noopener\">Hier geht\u00b4s zum Konfigurator<\/a><\/strong><\/p>\n\n\n\n<p><\/p>\n","protected":false},"excerpt":{"rendered":"<p>Eine <a class=\"more-link\" href=\"https:\/\/bauelemente-schreiner.com\/hp\/haustueren\/haustueren-2\/\"><\/a><\/p>\n","protected":false},"author":1,"featured_media":0,"parent":16,"menu_order":0,"comment_status":"closed","ping_status":"closed","template":"","meta":{"footnotes":""},"class_list":["post-135","page","type-page","status-publish","hentry"],"_links":{"self":[{"href":"https:\/\/bauelemente-schreiner.com\/hp\/wp-json\/wp\/v2\/pages\/135","targetHints":{"allow":["GET"]}}],"collection":[{"href":"https:\/\/bauelemente-schreiner.com\/hp\/wp-json\/wp\/v2\/pages"}],"about":[{"href":"https:\/\/bauelemente-schreiner.com\/hp\/wp-json\/wp\/v2\/types\/page"}],"author":[{"embeddable":true,"href":"https:\/\/bauelemente-schreiner.com\/hp\/wp-json\/wp\/v2\/users\/1"}],"replies":[{"embeddable":true,"href":"https:\/\/bauelemente-schreiner.com\/hp\/wp-json\/wp\/v2\/comments?post=135"}],"version-history":[{"count":9,"href":"https:\/\/bauelemente-schreiner.com\/hp\/wp-json\/wp\/v2\/pages\/135\/revisions"}],"predecessor-version":[{"id":539,"href":"https:\/\/bauelemente-schreiner.com\/hp\/wp-json\/wp\/v2\/pages\/135\/revisions\/539"}],"up":[{"embeddable":true,"href":"https:\/\/bauelemente-schreiner.com\/hp\/wp-json\/wp\/v2\/pages\/16"}],"wp:attachment":[{"href":"https:\/\/bauelemente-schreiner.com\/hp\/wp-json\/wp\/v2\/media?parent=135"}],"curies":[{"name":"wp","href":"https:\/\/api.w.org\/{rel}","templated":true}]}}