{"id":120,"date":"2016-03-20T11:38:26","date_gmt":"2016-03-20T10:38:26","guid":{"rendered":"http:\/\/bauelemente-schreiner.com\/hp\/?page_id=120"},"modified":"2016-03-20T11:54:30","modified_gmt":"2016-03-20T10:54:30","slug":"insektenschutz","status":"publish","type":"page","link":"https:\/\/bauelemente-schreiner.com\/hp\/insektenschutz\/","title":{"rendered":"Insektenschutz"},"content":{"rendered":"\n<table id=\"tablepress-4\" class=\"tablepress tablepress-id-4 tbody-has-connected-cells\">\n<tbody>\n<tr class=\"row-1\">\n\t<td class=\"column-1\">Insekten im Haus?<\/td><td class=\"column-2\"><img loading=\"lazy\" decoding=\"async\" src=\"http:\/\/bauelemente-schreiner.com\/wp-content\/uploads\/2025\/04\/woundwologo.webp\" alt=\"\" width=\"278\" height=\"62\" class=\"aligncenter size-full wp-image-541\" \/><\/td>\n<\/tr>\n<tr class=\"row-2\">\n\t<td colspan=\"2\" class=\"column-1\">Kein Problem, wir haben f\u00fcr jedes Fenster und jede T\u00fcr die optimale L\u00f6sung, um die kleinen ungebetenen G\u00e4ste drau\u00dfen zu lassen!<\/td>\n<\/tr>\n<tr class=\"row-3\">\n\t<td colspan=\"2\" class=\"column-1\">Insektenschutzgitter aus Fiberglas- oder V2A-Stahlgewebe sowie f\u00fcr Pollenallergiker spezielle Schutzgitter sorgen f\u00fcr entspannte N\u00e4chte ohne M\u00fccken und Fliegen.<\/td>\n<\/tr>\n<tr class=\"row-4\">\n\t<td class=\"column-1\"><a href=\"https:\/\/de.calameo.com\/woundwo\/read\/00609027428e65f427539?authid=Ft4RMJMtht0p\" target=\"_blank\">Hier finden Sie den aktuellen Prospekt<\/a><\/td><td class=\"column-2\"><\/td>\n<\/tr>\n<\/tbody>\n<\/table>\n<!-- #tablepress-4 from cache -->\n<p>&nbsp;<\/p>\n<p><a href=\"http:\/\/bauelemente-schreiner.com\/wp-content\/uploads\/2016\/03\/IGI_Schieberahmen-e1458470692115.jpg\" target=\"_blank\"><img loading=\"lazy\" decoding=\"async\" class=\"aligncenter wp-image-124 size-large\" src=\"http:\/\/bauelemente-schreiner.com\/wp-content\/uploads\/2016\/03\/IGI_Schieberahmen-1024x683.jpg\" alt=\"IGI_Schieberahmen\" width=\"540\" height=\"360\" \/><\/a><a href=\"http:\/\/bauelemente-schreiner.com\/wp-content\/uploads\/2016\/03\/IGI_Drehrahmen.jpg\" target=\"_blank\"><img loading=\"lazy\" decoding=\"async\" class=\"aligncenter wp-image-122 size-large\" src=\"http:\/\/bauelemente-schreiner.com\/wp-content\/uploads\/2016\/03\/IGI_Drehrahmen-683x1024.jpg\" alt=\"IGI_Drehrahmen\" width=\"540\" height=\"810\" srcset=\"https:\/\/bauelemente-schreiner.com\/wp-content\/uploads\/2016\/03\/IGI_Drehrahmen-683x1024.jpg 683w, https:\/\/bauelemente-schreiner.com\/wp-content\/uploads\/2016\/03\/IGI_Drehrahmen-200x300.jpg 200w, https:\/\/bauelemente-schreiner.com\/wp-content\/uploads\/2016\/03\/IGI_Drehrahmen-768x1152.jpg 768w\" sizes=\"auto, (max-width: 540px) 100vw, 540px\" \/><\/a><\/p>\n","protected":false},"excerpt":{"rendered":"<p>&nbsp;<\/p>\n","protected":false},"author":1,"featured_media":121,"parent":0,"menu_order":0,"comment_status":"closed","ping_status":"closed","template":"","meta":{"footnotes":""},"class_list":["post-120","page","type-page","status-publish","has-post-thumbnail","hentry"],"_links":{"self":[{"href":"https:\/\/bauelemente-schreiner.com\/hp\/wp-json\/wp\/v2\/pages\/120","targetHints":{"allow":["GET"]}}],"collection":[{"href":"https:\/\/bauelemente-schreiner.com\/hp\/wp-json\/wp\/v2\/pages"}],"about":[{"href":"https:\/\/bauelemente-schreiner.com\/hp\/wp-json\/wp\/v2\/types\/page"}],"author":[{"embeddable":true,"href":"https:\/\/bauelemente-schreiner.com\/hp\/wp-json\/wp\/v2\/users\/1"}],"replies":[{"embeddable":true,"href":"https:\/\/bauelemente-schreiner.com\/hp\/wp-json\/wp\/v2\/comments?post=120"}],"version-history":[{"count":3,"href":"https:\/\/bauelemente-schreiner.com\/hp\/wp-json\/wp\/v2\/pages\/120\/revisions"}],"predecessor-version":[{"id":134,"href":"https:\/\/bauelemente-schreiner.com\/hp\/wp-json\/wp\/v2\/pages\/120\/revisions\/134"}],"wp:featuredmedia":[{"embeddable":true,"href":"https:\/\/bauelemente-schreiner.com\/hp\/wp-json\/wp\/v2\/media\/121"}],"wp:attachment":[{"href":"https:\/\/bauelemente-schreiner.com\/hp\/wp-json\/wp\/v2\/media?parent=120"}],"curies":[{"name":"wp","href":"https:\/\/api.w.org\/{rel}","templated":true}]}}